{"id":34,"date":"2017-05-14T12:19:14","date_gmt":"2017-05-14T10:19:14","guid":{"rendered":"http:\/\/camillateach.wespdesign.nl\/camillateach.wespdesign.nl\/?page_id=34"},"modified":"2022-01-02T18:10:26","modified_gmt":"2022-01-02T17:10:26","slug":"specialist-vakgebied-en-overdracht-expertise","status":"publish","type":"page","link":"https:\/\/wespdesign.nl\/camillateach\/aanmelding-ld\/specialist-vakgebied-en-overdracht-expertise\/","title":{"rendered":"Specialist vakgebied &#038; overdracht expertise"},"content":{"rendered":"<p>Door conferenties te bezoeken, het geven en bijwonen van lezingen\u00a0ben en blijf ik op de hoogte van mijn vakgebied.<\/p>\n<p>Om excellente leerlingen te kunnen ondersteunen, ga ik bijvoorbeeld vier keer per schooljaar naar scholingsdagen van Cambridge en Oxford.<\/p>\n<p>Dit jaar ben ik begonnen met een Cambridge schoolingstraject:<\/p>\n<p><a href=\"http:\/\/www.cambridgeenglish.org\/teaching-english\/teaching-qualifications\/tkt\/\">TKT training traject<\/a><\/p>\n<p>Ik ben aangesloten bij &#8220;The European Education Summit&#8217; &#8211; it is the annual flagship event of the European Education Area, the EU\u2019s shared vision for a modern and inclusive European education and training sector fit to face the digital and green transitions.<\/p>\n<p>Ik heb in mei 2017\u00a0in M\u00fcnchen een beurs van Erasmus + bezocht. Hieronder vindt u screenshot van\u00a0de eTwinning site waar u kunt zien\u00a0waar ik mij met\u00a0collega&#8217;s in Europa bezig houdt op\u00a0het vakgebied Engels, en hoe we deze kennis\u00a0in onze lessen toepassen. Verder ook een korte animatie die ik daar maakte.<\/p>\n<p>In maart 2017 gaf ik een workshop voor de MSA met de titel\u00a0<em>Playing in English<\/em>. Hieronder vindt u een link naar de powerpoint bij die workshop en een bijbehorende film.<\/p>\n<p>Ieder jaar bezoek\u00a0ik The Language Show (TLS) in Londen (<a href=\"http:\/\/www.languageshowlive.co.uk\/london\/\">http:\/\/www.languageshowlive.co.uk\/london\/<\/a>) en in 2016\u00a0gaf ik er de\u00a0lezing <em>Choosing to learn<\/em> en in 2015 de lezing <em>Teaching teens with subtitles<\/em>. Van beide lezingen vindt u hieronder een link naar de bijbehorende\u00a0Powerpoint (zonder filmmateriaal.)<\/p>\n<ul>\n<li><a href=\"https:\/\/wespdesign.nl\/camillateach\/wp-content\/uploads\/2022\/01\/Education_CV_2022_Camilla_Heath.docx\">Education_CV_2022_Camilla_Heath<\/a>CV Camilla Heath 2022 (Microsoft Word DOC bestand)<\/li>\n<li>TLS London 2016 lezing\u00a0<a href=\"https:\/\/wespdesign.nl\/camillateach\/wp-content\/uploads\/2018\/11\/choosing-to-learn.pdf\">Choosing to learn<\/a>\u00a0(PDF bestand)<\/li>\n<li>TLS London 2015 lezing\u00a0\u00a0<a href=\"https:\/\/wespdesign.nl\/camillateach\/wp-content\/uploads\/2018\/11\/Teaching-teens-with-subtitles.pptx\">Teaching teens with subtitles<\/a>\u00a0(Microsoft Powerpoint PPT bestand)<\/li>\n<li>Screenshot van het eTwinning project (Klik voor een grotere versie)<\/li>\n<\/ul>\n<p style=\"padding-left: 30px;\">\u00a0<img loading=\"lazy\" decoding=\"async\" class=\"alignnone wp-image-375 size-medium\" src=\"https:\/\/wespdesign.nl\/camillateach\/wp-content\/uploads\/2018\/11\/Screen-Shot-2017-05-15-at-8.51.17-PM-300x165.png\" alt=\"\" width=\"300\" height=\"165\" srcset=\"https:\/\/wespdesign.nl\/camillateach\/wp-content\/uploads\/2018\/11\/Screen-Shot-2017-05-15-at-8.51.17-PM-300x165.png 300w, https:\/\/wespdesign.nl\/camillateach\/wp-content\/uploads\/2018\/11\/Screen-Shot-2017-05-15-at-8.51.17-PM-768x422.png 768w, https:\/\/wespdesign.nl\/camillateach\/wp-content\/uploads\/2018\/11\/Screen-Shot-2017-05-15-at-8.51.17-PM-1024x563.png 1024w, https:\/\/wespdesign.nl\/camillateach\/wp-content\/uploads\/2018\/11\/Screen-Shot-2017-05-15-at-8.51.17-PM.png 1202w\" sizes=\"auto, (max-width: 300px) 100vw, 300px\" \/><\/p>\n<ul>\n<li><a href=\"https:\/\/wespdesign.nl\/camillateach\/wp-content\/uploads\/2018\/11\/Playing-in-English_no_film.pptx\">Playing in English<\/a>\u00a0(Microsoft Powerpoint PPT bestand)<\/li>\n<\/ul>\n<p style=\"padding-left: 30px;\">Deze film hoort bij de Powerpoint &#8216;Playing in English&#8217;:<\/p>\n<p><iframe loading=\"lazy\" title=\"ivko games\" width=\"700\" height=\"394\" src=\"https:\/\/www.youtube.com\/embed\/WwrHtg_NIGk?feature=oembed\" frameborder=\"0\" allow=\"accelerometer; autoplay; clipboard-write; encrypted-media; gyroscope; picture-in-picture\" allowfullscreen><\/iframe><\/p>\n<ul>\n<li>Deze animatie over examenvoorbereiding is \u00e9\u00e9n van de workshop projecten die ik in M\u00fcnchen gemaakt heb:<\/li>\n<\/ul>\n<p><iframe loading=\"lazy\" title=\"2017 05 05 12 39 21\" width=\"700\" height=\"394\" src=\"https:\/\/www.youtube.com\/embed\/Yx6-glV1RlE?feature=oembed\" frameborder=\"0\" allow=\"accelerometer; autoplay; clipboard-write; encrypted-media; gyroscope; picture-in-picture\" allowfullscreen><\/iframe><\/p>\n<p><span style=\"border-radius: 2px; text-indent: 20px; width: auto; padding: 0px 4px 0px 0px; text-align: center; font: bold 11px\/20px 'Helvetica Neue',Helvetica,sans-serif; color: #ffffff; background: #bd081c no-repeat scroll 3px 50% \/ 14px 14px; position: absolute; opacity: 1; z-index: 8675309; display: none; cursor: pointer;\">Save<\/span><\/p>\n","protected":false},"excerpt":{"rendered":"<p>Door conferenties te bezoeken, het geven en bijwonen van lezingen\u00a0ben en blijf ik op de hoogte van mijn vakgebied. Om excellente leerlingen te kunnen ondersteunen, ga ik bijvoorbeeld vier keer per schooljaar naar scholingsdagen van Cambridge en Oxford. Dit jaar ben ik begonnen met een Cambridge schoolingstraject: TKT training traject Ik ben aangesloten bij &#8220;The &#8230; <span class=\"more\"><a class=\"more-link\" href=\"https:\/\/wespdesign.nl\/camillateach\/aanmelding-ld\/specialist-vakgebied-en-overdracht-expertise\/\">[Read more&#8230;]<\/a><\/span><\/p>\n","protected":false},"author":2,"featured_media":0,"parent":87,"menu_order":5,"comment_status":"closed","ping_status":"closed","template":"","meta":{"footnotes":""},"class_list":["entry","page","publish","author-david","post-34"],"_links":{"self":[{"href":"https:\/\/wespdesign.nl\/camillateach\/wp-json\/wp\/v2\/pages\/34","targetHints":{"allow":["GET"]}}],"collection":[{"href":"https:\/\/wespdesign.nl\/camillateach\/wp-json\/wp\/v2\/pages"}],"about":[{"href":"https:\/\/wespdesign.nl\/camillateach\/wp-json\/wp\/v2\/types\/page"}],"author":[{"embeddable":true,"href":"https:\/\/wespdesign.nl\/camillateach\/wp-json\/wp\/v2\/users\/2"}],"replies":[{"embeddable":true,"href":"https:\/\/wespdesign.nl\/camillateach\/wp-json\/wp\/v2\/comments?post=34"}],"version-history":[{"count":23,"href":"https:\/\/wespdesign.nl\/camillateach\/wp-json\/wp\/v2\/pages\/34\/revisions"}],"predecessor-version":[{"id":454,"href":"https:\/\/wespdesign.nl\/camillateach\/wp-json\/wp\/v2\/pages\/34\/revisions\/454"}],"up":[{"embeddable":true,"href":"https:\/\/wespdesign.nl\/camillateach\/wp-json\/wp\/v2\/pages\/87"}],"wp:attachment":[{"href":"https:\/\/wespdesign.nl\/camillateach\/wp-json\/wp\/v2\/media?parent=34"}],"curies":[{"name":"wp","href":"https:\/\/api.w.org\/{rel}","templated":true}]}}